{"id":2,"date":"2025-02-08T15:04:31","date_gmt":"2025-02-08T14:04:31","guid":{"rendered":"http:\/\/www.zen-tech.eu\/?page_id=2"},"modified":"2025-02-10T08:51:41","modified_gmt":"2025-02-10T07:51:41","slug":"page-d-exemple","status":"publish","type":"page","link":"https:\/\/www.zen-tech.eu\/index.php\/page-d-exemple\/","title":{"rendered":"Intro"},"content":{"rendered":"\n<p>Bienvenue chez <strong>Zen-Tech<\/strong>, votre partenaire technologique au service des entreprises PME et des \u00e9coles !<\/p>\n\n\n\n<p>Dans un monde en perp\u00e9tuelle \u00e9volution, o\u00f9 la technologie est le moteur de la performance, nous vous accompagnons avec expertise et dynamisme pour optimiser votre infrastructure informatique. Nous croyons que l\u2019innovation ne doit pas \u00eatre une contrainte mais une opportunit\u00e9, et nous mettons tout en \u0153uvre pour simplifier votre quotidien num\u00e9rique.<\/p>\n\n\n\n<p>Que vous soyez une PME cherchant \u00e0 s\u00e9curiser son r\u00e9seau, une \u00e9cole souhaitant moderniser son infrastructure ou une organisation en qu\u00eate d\u2019outils performants, <strong>Zen-Tech<\/strong> vous propose des solutions sur mesure, adapt\u00e9es \u00e0 vos besoins. De la gestion des r\u00e9seaux \u00e0 la cybers\u00e9curit\u00e9, en passant par la mise en place de solutions cloud et la formation aux nouvelles technologies, nous sommes \u00e0 vos c\u00f4t\u00e9s \u00e0 chaque \u00e9tape.<\/p>\n\n\n\n<p>Notre approche repose sur trois piliers : <strong>\u00e9coute, innovation et r\u00e9activit\u00e9<\/strong>. Chaque projet est unique, et c\u2019est pourquoi nous prenons le temps d\u2019analyser vos besoins pour proposer des solutions efficaces et \u00e9volutives. Gr\u00e2ce \u00e0 notre veille technologique constante, nous vous aidons \u00e0 garder une longueur d\u2019avance sur la concurrence.<\/p>\n\n\n\n<p>Faites le choix d\u2019une entreprise proche de ses clients, qui parle votre langage et s\u2019engage \u00e0 vous offrir un service de qualit\u00e9. <strong>Zen-Tech<\/strong>, c\u2019est plus qu\u2019un prestataire, c\u2019est un alli\u00e9 strat\u00e9gique pour votre transformation num\u00e9rique.<\/p>\n\n\n\n<p>Contactez-nous d\u00e8s aujourd\u2019hui et propulsez votre informatique vers de nouveaux horizons !<\/p>\n\n\n\n<p>\ud83d\udce9 <strong>Email<\/strong> : <a>info@zen-tech.be<\/a> \ud83d\udcde <strong>T\u00e9l\u00e9phone<\/strong> : +32 2 897 87 37 \/  +32 10 39 51 78<\/p>\n","protected":false},"excerpt":{"rendered":"<p>Bienvenue chez Zen-Tech, votre partenaire technologique au service des entreprises PME et des \u00e9coles ! Dans un monde en perp\u00e9tuelle \u00e9volution, o\u00f9 la technologie est le moteur de la performance, nous vous accompagnons avec expertise et dynamisme pour optimiser votre infrastructure informatique. Nous croyons que l\u2019innovation ne doit pas \u00eatre une contrainte mais une opportunit\u00e9, [&hellip;]<\/p>\n","protected":false},"author":1,"featured_media":0,"parent":0,"menu_order":0,"comment_status":"closed","ping_status":"open","template":"","meta":{"footnotes":""},"class_list":["post-2","page","type-page","status-publish","hentry"],"_links":{"self":[{"href":"https:\/\/www.zen-tech.eu\/index.php\/wp-json\/wp\/v2\/pages\/2","targetHints":{"allow":["GET"]}}],"collection":[{"href":"https:\/\/www.zen-tech.eu\/index.php\/wp-json\/wp\/v2\/pages"}],"about":[{"href":"https:\/\/www.zen-tech.eu\/index.php\/wp-json\/wp\/v2\/types\/page"}],"author":[{"embeddable":true,"href":"https:\/\/www.zen-tech.eu\/index.php\/wp-json\/wp\/v2\/users\/1"}],"replies":[{"embeddable":true,"href":"https:\/\/www.zen-tech.eu\/index.php\/wp-json\/wp\/v2\/comments?post=2"}],"version-history":[{"count":1,"href":"https:\/\/www.zen-tech.eu\/index.php\/wp-json\/wp\/v2\/pages\/2\/revisions"}],"predecessor-version":[{"id":12,"href":"https:\/\/www.zen-tech.eu\/index.php\/wp-json\/wp\/v2\/pages\/2\/revisions\/12"}],"wp:attachment":[{"href":"https:\/\/www.zen-tech.eu\/index.php\/wp-json\/wp\/v2\/media?parent=2"}],"curies":[{"name":"wp","href":"https:\/\/api.w.org\/{rel}","templated":true}]}}